{"id":322,"date":"2019-02-22T14:54:35","date_gmt":"2019-02-22T19:54:35","guid":{"rendered":"http:\/\/chilliwack.a2dev.trapeze.ca\/?page_id=322"},"modified":"2019-03-26T14:38:32","modified_gmt":"2019-03-26T18:38:32","slug":"marche-du-travail-2","status":"publish","type":"page","link":"https:\/\/workbccentre-kelowna.ca\/fr\/marche-du-travail-2\/","title":{"rendered":"March\u00e9 du travail"},"content":{"rendered":"\n<h1 class=\"wp-block-heading\">Mise \u00e0 jour sur le march\u00e9 du travail <br>Les tendances <\/h1>\n\n\n\n<p><strong>En connaissant les secteurs d\u2019activit\u00e9 qui stimulent l\u2019\u00e9conomie provinciale et locale, vous serez davantage \u00e0 m\u00eame de trouver les emplois qui sont les plus demand\u00e9s aujourd\u2019hui et dans l\u2019avenir <\/strong><\/p>\n\n\n\n<p><strong>Perspectives du march\u00e9 du travail en Colombie-Britannique<\/strong><br>Le rapport <em>Perspectives du march\u00e9 du travail en Colombie-Britannique<\/em> fournit des renseignements et des statistiques \u00e0 jour sur les types d\u2019emplois et de comp\u00e9tences qui seront les plus demand\u00e9s maintenant et au cours des dix prochaines ann\u00e9es. Avec l\u2019\u00e9volution d\u00e9mographique, le vieillissement de la main-d\u2019\u0153uvre, les d\u00e9parts \u00e0 la retraite et les nouvelles exigences en mati\u00e8re de formation pour les emplois, beaucoup de changements surviendront au cours de la prochaine d\u00e9cennie.<\/p>\n\n\n<a class=\"btn btn-primary\" href=\"https:\/\/www.workbc.ca\/Labour-Market-Industry\/Labour-Market-Outlook.aspx\" role=\"button\">En Apprendre Davantage<\/a>\n\n\n\n<p><strong>L\u2019\u00e9conomie de la Colombie-Britannique<\/strong><br>L\u2019\u00e9conomie de la C.-B. en est constante \u00e9volution gr\u00e2ce aux investissements de la province dans divers secteurs et au d\u00e9veloppement de liens internationaux. On s\u2019attend \u00e0 ce que plusieurs secteurs offrent de tr\u00e8s bonnes possibilit\u00e9s d\u2019emploi, notamment les technologies vertes, les m\u00e9dias num\u00e9riques et sciences de la vie, le secteur des services ainsi que les secteurs traditionnels comme ceux li\u00e9s aux ressources naturelles.<\/p>\n\n\n<a class=\"btn btn-primary\" href=\"https:\/\/www.workbc.ca\/Labour-Market-Industry\/B-C-s-Economy\/B-C-s-Economy.aspx\" role=\"button\">En Apprendre Davantage<\/a>\n\n\n\n<p><strong>Renseignements sur les secteurs<\/strong><br>La Colombie-Britannique compte de nombreux secteurs d\u2019activit\u00e9s \u00e9conomiques qui offrent des possibilit\u00e9s d\u2019emploi uniques dans toute la province. Explorez-les pour d\u00e9terminer o\u00f9 votre carri\u00e8re pourrait prendre son envol tout en prenant connaissance des pr\u00e9visions de demande jusqu\u2019en 2025.<\/p>\n\n\n<a class=\"btn btn-primary\" href=\"https:\/\/www.workbc.ca\/Labour-Market-Industry\/Industry-and-Sector-Information.aspx\" role=\"button\">En Apprendre Davantage<\/a>\n\n\n\n<p><strong>Profils r\u00e9gionaux<\/strong><br>La Colombie-Britannique est divis\u00e9e en sept r\u00e9gions \u00e9conomiques. Chacune est diversifi\u00e9e et offre des possibilit\u00e9s d\u2019emploi uniques aujourd\u2019hui et dans l\u2019avenir. Renseignez-vous sur les statistiques de l\u2019emploi, les donn\u00e9es d\u00e9mographiques, les Perspectives du march\u00e9 du travail sur 10 ans et plus pour la r\u00e9gion de Thompson-Okanagan, o\u00f9 se trouve Kelowna.<\/p>\n\n\n<a class=\"btn btn-primary\" href=\"https:\/\/www.workbc.ca\/Labour-Market-Information\/Regional-Profiles\/Thompson-Okanagan\" role=\"button\">En Apprendre Davantage<\/a>\n","protected":false},"excerpt":{"rendered":"<p>Mise \u00e0 jour sur le march\u00e9 du travail Les tendances En connaissant les secteurs d\u2019activit\u00e9 qui stimulent l\u2019\u00e9conomie provinciale et locale, vous serez davantage \u00e0 m\u00eame de trouver les emplois qui sont les plus demand\u00e9s aujourd\u2019hui et dans l\u2019avenir Perspectives du march\u00e9 du travail en Colombie-BritanniqueLe rapport Perspectives du march\u00e9 du travail en Colombie-Britannique fournit [&hellip;]<\/p>\n","protected":false},"author":3,"featured_media":174,"parent":0,"menu_order":0,"comment_status":"closed","ping_status":"closed","template":"","meta":{"_acf_changed":false,"footnotes":""},"class_list":["post-322","page","type-page","status-publish","has-post-thumbnail","hentry"],"acf":[],"yoast_head":"<!-- This site is optimized with the Yoast SEO plugin v27.5 - https:\/\/yoast.com\/product\/yoast-seo-wordpress\/ -->\n<title>March\u00e9 du travail - WorkBC Kelowna<\/title>\n<meta name=\"robots\" content=\"index, follow, max-snippet:-1, max-image-preview:large, max-video-preview:-1\" \/>\n<link rel=\"canonical\" href=\"https:\/\/workbccentre-kelowna.ca\/fr\/marche-du-travail-2\/\" \/>\n<meta property=\"og:locale\" content=\"fr_FR\" \/>\n<meta property=\"og:type\" content=\"article\" \/>\n<meta property=\"og:title\" content=\"March\u00e9 du travail - WorkBC Kelowna\" \/>\n<meta property=\"og:description\" content=\"Mise \u00e0 jour sur le march\u00e9 du travail Les tendances En connaissant les secteurs d\u2019activit\u00e9 qui stimulent l\u2019\u00e9conomie provinciale et locale, vous serez davantage \u00e0 m\u00eame de trouver les emplois qui sont les plus demand\u00e9s aujourd\u2019hui et dans l\u2019avenir Perspectives du march\u00e9 du travail en Colombie-BritanniqueLe rapport Perspectives du march\u00e9 du travail en Colombie-Britannique fournit [&hellip;]\" \/>\n<meta property=\"og:url\" content=\"\/fr\/marche-du-travail-2\/\" \/>\n<meta property=\"og:site_name\" content=\"WorkBC Kelowna\" \/>\n<meta property=\"article:modified_time\" content=\"2019-03-26T18:38:32+00:00\" \/>\n<meta property=\"og:image\" content=\"https:\/\/workbccentre-kelowna.ca\/wp-content\/uploads\/2019\/02\/labour.jpg\" \/>\n\t<meta property=\"og:image:width\" content=\"1140\" \/>\n\t<meta property=\"og:image:height\" content=\"250\" \/>\n\t<meta property=\"og:image:type\" content=\"image\/jpeg\" \/>\n<meta name=\"twitter:card\" content=\"summary_large_image\" \/>\n<meta name=\"twitter:label1\" content=\"Dur\u00e9e de lecture estim\u00e9e\" \/>\n\t<meta name=\"twitter:data1\" content=\"2 minutes\" \/>\n<script type=\"application\/ld+json\" class=\"yoast-schema-graph\">{\"@context\":\"https:\\\/\\\/schema.org\",\"@graph\":[{\"@type\":\"WebPage\",\"@id\":\"\\\/fr\\\/marche-du-travail-2\\\/\",\"url\":\"https:\\\/\\\/workbccentre-kelowna.ca\\\/fr\\\/marche-du-travail-2\\\/\",\"name\":\"March\u00e9 du travail - WorkBC Kelowna\",\"isPartOf\":{\"@id\":\"https:\\\/\\\/workbccentre-kelowna.ca\\\/#website\"},\"primaryImageOfPage\":{\"@id\":\"https:\\\/\\\/workbccentre-kelowna.ca\\\/fr\\\/marche-du-travail-2\\\/#primaryimage\"},\"image\":{\"@id\":\"https:\\\/\\\/workbccentre-kelowna.ca\\\/fr\\\/marche-du-travail-2\\\/#primaryimage\"},\"thumbnailUrl\":\"https:\\\/\\\/workbccentre-kelowna.ca\\\/wp-content\\\/uploads\\\/2019\\\/02\\\/labour.jpg\",\"datePublished\":\"2019-02-22T19:54:35+00:00\",\"dateModified\":\"2019-03-26T18:38:32+00:00\",\"breadcrumb\":{\"@id\":\"https:\\\/\\\/workbccentre-kelowna.ca\\\/fr\\\/marche-du-travail-2\\\/#breadcrumb\"},\"inLanguage\":\"fr-FR\",\"potentialAction\":[{\"@type\":\"ReadAction\",\"target\":[\"https:\\\/\\\/workbccentre-kelowna.ca\\\/fr\\\/marche-du-travail-2\\\/\"]}]},{\"@type\":\"ImageObject\",\"inLanguage\":\"fr-FR\",\"@id\":\"https:\\\/\\\/workbccentre-kelowna.ca\\\/fr\\\/marche-du-travail-2\\\/#primaryimage\",\"url\":\"https:\\\/\\\/workbccentre-kelowna.ca\\\/wp-content\\\/uploads\\\/2019\\\/02\\\/labour.jpg\",\"contentUrl\":\"https:\\\/\\\/workbccentre-kelowna.ca\\\/wp-content\\\/uploads\\\/2019\\\/02\\\/labour.jpg\",\"width\":1140,\"height\":250},{\"@type\":\"BreadcrumbList\",\"@id\":\"https:\\\/\\\/workbccentre-kelowna.ca\\\/fr\\\/marche-du-travail-2\\\/#breadcrumb\",\"itemListElement\":[{\"@type\":\"ListItem\",\"position\":1,\"name\":\"Accueil\",\"item\":\"\\\/fr\\\/\"},{\"@type\":\"ListItem\",\"position\":2,\"name\":\"March\u00e9 du travail\"}]},{\"@type\":\"WebSite\",\"@id\":\"https:\\\/\\\/workbccentre-kelowna.ca\\\/#website\",\"url\":\"https:\\\/\\\/workbccentre-kelowna.ca\\\/\",\"name\":\"WorkBC Kelowna\",\"description\":\"\",\"potentialAction\":[{\"@type\":\"SearchAction\",\"target\":{\"@type\":\"EntryPoint\",\"urlTemplate\":\"https:\\\/\\\/workbccentre-kelowna.ca\\\/?s={search_term_string}\"},\"query-input\":{\"@type\":\"PropertyValueSpecification\",\"valueRequired\":true,\"valueName\":\"search_term_string\"}}],\"inLanguage\":\"fr-FR\"}]}<\/script>\n<!-- \/ Yoast SEO plugin. -->","yoast_head_json":{"title":"March\u00e9 du travail - WorkBC Kelowna","robots":{"index":"index","follow":"follow","max-snippet":"max-snippet:-1","max-image-preview":"max-image-preview:large","max-video-preview":"max-video-preview:-1"},"canonical":"https:\/\/workbccentre-kelowna.ca\/fr\/marche-du-travail-2\/","og_locale":"fr_FR","og_type":"article","og_title":"March\u00e9 du travail - WorkBC Kelowna","og_description":"Mise \u00e0 jour sur le march\u00e9 du travail Les tendances En connaissant les secteurs d\u2019activit\u00e9 qui stimulent l\u2019\u00e9conomie provinciale et locale, vous serez davantage \u00e0 m\u00eame de trouver les emplois qui sont les plus demand\u00e9s aujourd\u2019hui et dans l\u2019avenir Perspectives du march\u00e9 du travail en Colombie-BritanniqueLe rapport Perspectives du march\u00e9 du travail en Colombie-Britannique fournit [&hellip;]","og_url":"\/fr\/marche-du-travail-2\/","og_site_name":"WorkBC Kelowna","article_modified_time":"2019-03-26T18:38:32+00:00","og_image":[{"width":1140,"height":250,"url":"https:\/\/workbccentre-kelowna.ca\/wp-content\/uploads\/2019\/02\/labour.jpg","type":"image\/jpeg"}],"twitter_card":"summary_large_image","twitter_misc":{"Dur\u00e9e de lecture estim\u00e9e":"2 minutes"},"schema":{"@context":"https:\/\/schema.org","@graph":[{"@type":"WebPage","@id":"\/fr\/marche-du-travail-2\/","url":"https:\/\/workbccentre-kelowna.ca\/fr\/marche-du-travail-2\/","name":"March\u00e9 du travail - WorkBC Kelowna","isPartOf":{"@id":"https:\/\/workbccentre-kelowna.ca\/#website"},"primaryImageOfPage":{"@id":"https:\/\/workbccentre-kelowna.ca\/fr\/marche-du-travail-2\/#primaryimage"},"image":{"@id":"https:\/\/workbccentre-kelowna.ca\/fr\/marche-du-travail-2\/#primaryimage"},"thumbnailUrl":"https:\/\/workbccentre-kelowna.ca\/wp-content\/uploads\/2019\/02\/labour.jpg","datePublished":"2019-02-22T19:54:35+00:00","dateModified":"2019-03-26T18:38:32+00:00","breadcrumb":{"@id":"https:\/\/workbccentre-kelowna.ca\/fr\/marche-du-travail-2\/#breadcrumb"},"inLanguage":"fr-FR","potentialAction":[{"@type":"ReadAction","target":["https:\/\/workbccentre-kelowna.ca\/fr\/marche-du-travail-2\/"]}]},{"@type":"ImageObject","inLanguage":"fr-FR","@id":"https:\/\/workbccentre-kelowna.ca\/fr\/marche-du-travail-2\/#primaryimage","url":"https:\/\/workbccentre-kelowna.ca\/wp-content\/uploads\/2019\/02\/labour.jpg","contentUrl":"https:\/\/workbccentre-kelowna.ca\/wp-content\/uploads\/2019\/02\/labour.jpg","width":1140,"height":250},{"@type":"BreadcrumbList","@id":"https:\/\/workbccentre-kelowna.ca\/fr\/marche-du-travail-2\/#breadcrumb","itemListElement":[{"@type":"ListItem","position":1,"name":"Accueil","item":"\/fr\/"},{"@type":"ListItem","position":2,"name":"March\u00e9 du travail"}]},{"@type":"WebSite","@id":"https:\/\/workbccentre-kelowna.ca\/#website","url":"https:\/\/workbccentre-kelowna.ca\/","name":"WorkBC Kelowna","description":"","potentialAction":[{"@type":"SearchAction","target":{"@type":"EntryPoint","urlTemplate":"https:\/\/workbccentre-kelowna.ca\/?s={search_term_string}"},"query-input":{"@type":"PropertyValueSpecification","valueRequired":true,"valueName":"search_term_string"}}],"inLanguage":"fr-FR"}]}},"_links":{"self":[{"href":"https:\/\/workbccentre-kelowna.ca\/fr\/wp-json\/wp\/v2\/pages\/322","targetHints":{"allow":["GET"]}}],"collection":[{"href":"https:\/\/workbccentre-kelowna.ca\/fr\/wp-json\/wp\/v2\/pages"}],"about":[{"href":"https:\/\/workbccentre-kelowna.ca\/fr\/wp-json\/wp\/v2\/types\/page"}],"author":[{"embeddable":true,"href":"https:\/\/workbccentre-kelowna.ca\/fr\/wp-json\/wp\/v2\/users\/3"}],"replies":[{"embeddable":true,"href":"https:\/\/workbccentre-kelowna.ca\/fr\/wp-json\/wp\/v2\/comments?post=322"}],"version-history":[{"count":0,"href":"https:\/\/workbccentre-kelowna.ca\/fr\/wp-json\/wp\/v2\/pages\/322\/revisions"}],"wp:featuredmedia":[{"embeddable":true,"href":"https:\/\/workbccentre-kelowna.ca\/fr\/wp-json\/wp\/v2\/media\/174"}],"wp:attachment":[{"href":"https:\/\/workbccentre-kelowna.ca\/fr\/wp-json\/wp\/v2\/media?parent=322"}],"curies":[{"name":"wp","href":"https:\/\/api.w.org\/{rel}","templated":true}]}}