{"id":316,"date":"2019-02-22T14:34:38","date_gmt":"2019-02-22T19:34:38","guid":{"rendered":"http:\/\/chilliwack.a2dev.trapeze.ca\/?page_id=316"},"modified":"2019-02-22T14:34:41","modified_gmt":"2019-02-22T19:34:41","slug":"subventions-salariales","status":"publish","type":"page","link":"https:\/\/workbccentre-kelowna.ca\/fr\/personnel\/subventions-salariales\/","title":{"rendered":"Subventions salariales"},"content":{"rendered":"\n<p>Le programme de subventions salariales \u00e0 l\u2019emploi offre du financement pour mettre les employeurs en contact avec des travailleurs qualifi\u00e9s et motiv\u00e9s, pour soutenir les chercheurs d\u2019emploi qui entrent sur le march\u00e9 du travail et pour partager le co\u00fbt de leur exp\u00e9rience en milieu de travail. Les subventions salariales \u00e0 l\u2019emploi aident les personnes qui font face \u00e0 des obstacles \u00e0 l\u2019emploi \u00e0 trouver du travail en am\u00e9liorant leurs comp\u00e9tences et leur employabilit\u00e9 gr\u00e2ce aux subventions salariales temporaires accord\u00e9es aux employeurs qui les embauchent.<\/p>\n\n\n\n<p><a href=\"\/contact\/\">Communiquez avec nous<\/a> pour en apprendre davantage sur les possibilit\u00e9s de subventions salariales \u00e0 l\u2019emploi. <\/p>\n","protected":false},"excerpt":{"rendered":"<p>Le programme de subventions salariales \u00e0 l\u2019emploi offre du financement pour mettre les employeurs en contact avec des travailleurs qualifi\u00e9s et motiv\u00e9s, pour soutenir les chercheurs d\u2019emploi qui entrent sur le march\u00e9 du travail et pour partager le co\u00fbt de leur exp\u00e9rience en milieu de travail. Les subventions salariales \u00e0 l\u2019emploi aident les personnes qui [&hellip;]<\/p>\n","protected":false},"author":3,"featured_media":339,"parent":382,"menu_order":0,"comment_status":"closed","ping_status":"closed","template":"","meta":{"_acf_changed":false,"footnotes":""},"class_list":["post-316","page","type-page","status-publish","has-post-thumbnail","hentry"],"acf":[],"yoast_head":"<!-- This site is optimized with the Yoast SEO plugin v27.2 - https:\/\/yoast.com\/product\/yoast-seo-wordpress\/ -->\n<title>Subventions salariales - WorkBC Kelowna<\/title>\n<meta name=\"robots\" content=\"index, follow, max-snippet:-1, max-image-preview:large, max-video-preview:-1\" \/>\n<link rel=\"canonical\" href=\"https:\/\/workbccentre-kelowna.ca\/fr\/personnel\/subventions-salariales\/\" \/>\n<meta property=\"og:locale\" content=\"fr_FR\" \/>\n<meta property=\"og:type\" content=\"article\" \/>\n<meta property=\"og:title\" content=\"Subventions salariales - WorkBC Kelowna\" \/>\n<meta property=\"og:description\" content=\"Le programme de subventions salariales \u00e0 l\u2019emploi offre du financement pour mettre les employeurs en contact avec des travailleurs qualifi\u00e9s et motiv\u00e9s, pour soutenir les chercheurs d\u2019emploi qui entrent sur le march\u00e9 du travail et pour partager le co\u00fbt de leur exp\u00e9rience en milieu de travail. Les subventions salariales \u00e0 l\u2019emploi aident les personnes qui [&hellip;]\" \/>\n<meta property=\"og:url\" content=\"\/fr\/personnel\/subventions-salariales\/\" \/>\n<meta property=\"og:site_name\" content=\"WorkBC Kelowna\" \/>\n<meta property=\"article:modified_time\" content=\"2019-02-22T19:34:41+00:00\" \/>\n<meta property=\"og:image\" content=\"https:\/\/workbccentre-kelowna.ca\/wp-content\/uploads\/2019\/02\/workbc_wage_subsidies.jpg\" \/>\n\t<meta property=\"og:image:width\" content=\"1140\" \/>\n\t<meta property=\"og:image:height\" content=\"250\" \/>\n\t<meta property=\"og:image:type\" content=\"image\/jpeg\" \/>\n<meta name=\"twitter:card\" content=\"summary_large_image\" \/>\n<meta name=\"twitter:label1\" content=\"Dur\u00e9e de lecture estim\u00e9e\" \/>\n\t<meta name=\"twitter:data1\" content=\"1 minute\" \/>\n<script type=\"application\/ld+json\" class=\"yoast-schema-graph\">{\"@context\":\"https:\/\/schema.org\",\"@graph\":[{\"@type\":\"WebPage\",\"@id\":\"\/fr\/personnel\/subventions-salariales\/\",\"url\":\"https:\/\/workbccentre-kelowna.ca\/fr\/personnel\/subventions-salariales\/\",\"name\":\"Subventions salariales - WorkBC Kelowna\",\"isPartOf\":{\"@id\":\"https:\/\/workbccentre-kelowna.ca\/#website\"},\"primaryImageOfPage\":{\"@id\":\"https:\/\/workbccentre-kelowna.ca\/fr\/personnel\/subventions-salariales\/#primaryimage\"},\"image\":{\"@id\":\"https:\/\/workbccentre-kelowna.ca\/fr\/personnel\/subventions-salariales\/#primaryimage\"},\"thumbnailUrl\":\"https:\/\/workbccentre-kelowna.ca\/wp-content\/uploads\/2019\/02\/workbc_wage_subsidies.jpg\",\"datePublished\":\"2019-02-22T19:34:38+00:00\",\"dateModified\":\"2019-02-22T19:34:41+00:00\",\"breadcrumb\":{\"@id\":\"https:\/\/workbccentre-kelowna.ca\/fr\/personnel\/subventions-salariales\/#breadcrumb\"},\"inLanguage\":\"fr-FR\",\"potentialAction\":[{\"@type\":\"ReadAction\",\"target\":[\"https:\/\/workbccentre-kelowna.ca\/fr\/personnel\/subventions-salariales\/\"]}]},{\"@type\":\"ImageObject\",\"inLanguage\":\"fr-FR\",\"@id\":\"https:\/\/workbccentre-kelowna.ca\/fr\/personnel\/subventions-salariales\/#primaryimage\",\"url\":\"https:\/\/workbccentre-kelowna.ca\/wp-content\/uploads\/2019\/02\/workbc_wage_subsidies.jpg\",\"contentUrl\":\"https:\/\/workbccentre-kelowna.ca\/wp-content\/uploads\/2019\/02\/workbc_wage_subsidies.jpg\",\"width\":1140,\"height\":250},{\"@type\":\"BreadcrumbList\",\"@id\":\"https:\/\/workbccentre-kelowna.ca\/fr\/personnel\/subventions-salariales\/#breadcrumb\",\"itemListElement\":[{\"@type\":\"ListItem\",\"position\":1,\"name\":\"Accueil\",\"item\":\"\/fr\/\"},{\"@type\":\"ListItem\",\"position\":2,\"name\":\"Personnel\",\"item\":\"\/fr\/personnel\/\"},{\"@type\":\"ListItem\",\"position\":3,\"name\":\"Subventions salariales\"}]},{\"@type\":\"WebSite\",\"@id\":\"https:\/\/workbccentre-kelowna.ca\/#website\",\"url\":\"https:\/\/workbccentre-kelowna.ca\/\",\"name\":\"WorkBC Kelowna\",\"description\":\"\",\"potentialAction\":[{\"@type\":\"SearchAction\",\"target\":{\"@type\":\"EntryPoint\",\"urlTemplate\":\"https:\/\/workbccentre-kelowna.ca\/?s={search_term_string}\"},\"query-input\":{\"@type\":\"PropertyValueSpecification\",\"valueRequired\":true,\"valueName\":\"search_term_string\"}}],\"inLanguage\":\"fr-FR\"}]}<\/script>\n<!-- \/ Yoast SEO plugin. -->","yoast_head_json":{"title":"Subventions salariales - WorkBC Kelowna","robots":{"index":"index","follow":"follow","max-snippet":"max-snippet:-1","max-image-preview":"max-image-preview:large","max-video-preview":"max-video-preview:-1"},"canonical":"https:\/\/workbccentre-kelowna.ca\/fr\/personnel\/subventions-salariales\/","og_locale":"fr_FR","og_type":"article","og_title":"Subventions salariales - WorkBC Kelowna","og_description":"Le programme de subventions salariales \u00e0 l\u2019emploi offre du financement pour mettre les employeurs en contact avec des travailleurs qualifi\u00e9s et motiv\u00e9s, pour soutenir les chercheurs d\u2019emploi qui entrent sur le march\u00e9 du travail et pour partager le co\u00fbt de leur exp\u00e9rience en milieu de travail. Les subventions salariales \u00e0 l\u2019emploi aident les personnes qui [&hellip;]","og_url":"\/fr\/personnel\/subventions-salariales\/","og_site_name":"WorkBC Kelowna","article_modified_time":"2019-02-22T19:34:41+00:00","og_image":[{"width":1140,"height":250,"url":"https:\/\/workbccentre-kelowna.ca\/wp-content\/uploads\/2019\/02\/workbc_wage_subsidies.jpg","type":"image\/jpeg"}],"twitter_card":"summary_large_image","twitter_misc":{"Dur\u00e9e de lecture estim\u00e9e":"1 minute"},"schema":{"@context":"https:\/\/schema.org","@graph":[{"@type":"WebPage","@id":"\/fr\/personnel\/subventions-salariales\/","url":"https:\/\/workbccentre-kelowna.ca\/fr\/personnel\/subventions-salariales\/","name":"Subventions salariales - WorkBC Kelowna","isPartOf":{"@id":"https:\/\/workbccentre-kelowna.ca\/#website"},"primaryImageOfPage":{"@id":"https:\/\/workbccentre-kelowna.ca\/fr\/personnel\/subventions-salariales\/#primaryimage"},"image":{"@id":"https:\/\/workbccentre-kelowna.ca\/fr\/personnel\/subventions-salariales\/#primaryimage"},"thumbnailUrl":"https:\/\/workbccentre-kelowna.ca\/wp-content\/uploads\/2019\/02\/workbc_wage_subsidies.jpg","datePublished":"2019-02-22T19:34:38+00:00","dateModified":"2019-02-22T19:34:41+00:00","breadcrumb":{"@id":"https:\/\/workbccentre-kelowna.ca\/fr\/personnel\/subventions-salariales\/#breadcrumb"},"inLanguage":"fr-FR","potentialAction":[{"@type":"ReadAction","target":["https:\/\/workbccentre-kelowna.ca\/fr\/personnel\/subventions-salariales\/"]}]},{"@type":"ImageObject","inLanguage":"fr-FR","@id":"https:\/\/workbccentre-kelowna.ca\/fr\/personnel\/subventions-salariales\/#primaryimage","url":"https:\/\/workbccentre-kelowna.ca\/wp-content\/uploads\/2019\/02\/workbc_wage_subsidies.jpg","contentUrl":"https:\/\/workbccentre-kelowna.ca\/wp-content\/uploads\/2019\/02\/workbc_wage_subsidies.jpg","width":1140,"height":250},{"@type":"BreadcrumbList","@id":"https:\/\/workbccentre-kelowna.ca\/fr\/personnel\/subventions-salariales\/#breadcrumb","itemListElement":[{"@type":"ListItem","position":1,"name":"Accueil","item":"\/fr\/"},{"@type":"ListItem","position":2,"name":"Personnel","item":"\/fr\/personnel\/"},{"@type":"ListItem","position":3,"name":"Subventions salariales"}]},{"@type":"WebSite","@id":"https:\/\/workbccentre-kelowna.ca\/#website","url":"https:\/\/workbccentre-kelowna.ca\/","name":"WorkBC Kelowna","description":"","potentialAction":[{"@type":"SearchAction","target":{"@type":"EntryPoint","urlTemplate":"https:\/\/workbccentre-kelowna.ca\/?s={search_term_string}"},"query-input":{"@type":"PropertyValueSpecification","valueRequired":true,"valueName":"search_term_string"}}],"inLanguage":"fr-FR"}]}},"_links":{"self":[{"href":"https:\/\/workbccentre-kelowna.ca\/fr\/wp-json\/wp\/v2\/pages\/316","targetHints":{"allow":["GET"]}}],"collection":[{"href":"https:\/\/workbccentre-kelowna.ca\/fr\/wp-json\/wp\/v2\/pages"}],"about":[{"href":"https:\/\/workbccentre-kelowna.ca\/fr\/wp-json\/wp\/v2\/types\/page"}],"author":[{"embeddable":true,"href":"https:\/\/workbccentre-kelowna.ca\/fr\/wp-json\/wp\/v2\/users\/3"}],"replies":[{"embeddable":true,"href":"https:\/\/workbccentre-kelowna.ca\/fr\/wp-json\/wp\/v2\/comments?post=316"}],"version-history":[{"count":0,"href":"https:\/\/workbccentre-kelowna.ca\/fr\/wp-json\/wp\/v2\/pages\/316\/revisions"}],"up":[{"embeddable":true,"href":"https:\/\/workbccentre-kelowna.ca\/fr\/wp-json\/wp\/v2\/pages\/382"}],"wp:featuredmedia":[{"embeddable":true,"href":"https:\/\/workbccentre-kelowna.ca\/fr\/wp-json\/wp\/v2\/media\/339"}],"wp:attachment":[{"href":"https:\/\/workbccentre-kelowna.ca\/fr\/wp-json\/wp\/v2\/media?parent=316"}],"curies":[{"name":"wp","href":"https:\/\/api.w.org\/{rel}","templated":true}]}}