{"id":216,"date":"2019-02-21T11:54:33","date_gmt":"2019-02-21T16:54:33","guid":{"rendered":"http:\/\/chilliwack.a2dev.trapeze.ca\/?page_id=216"},"modified":"2021-09-03T08:57:18","modified_gmt":"2021-09-03T15:57:18","slug":"homepage","status":"publish","type":"page","link":"https:\/\/workbccentre-kelowna.ca\/fr\/","title":{"rendered":"Homepage"},"content":{"rendered":"\r\n<p><a title=\"S'ouvre dans un nouvel onglet.\" href=\"https:\/\/can01.safelinks.protection.outlook.com\/?url=https%3A%2F%2Fwww.workbc.ca%2FEmployment-Services%2FWorkBC-Centres.aspx&amp;data=04%7C01%7CMaaza.Ali%40wcgservices.com%7C1ee4e02d06c54415704708d8c2255074%7C88bcacd267d74482a6de2ac34814c8c1%7C0%7C0%7C637472812806435170%7CUnknown%7CTWFpbGZsb3d8eyJWIjoiMC4wLjAwMDAiLCJQIjoiV2luMzIiLCJBTiI6Ik1haWwiLCJXVCI6Mn0%3D%7C1000&amp;sdata=SdJ0zcL2gppIC3nnNn0vHL8%2FdzfhqRjkjJhGjNFOaXc%3D&amp;reserved=0\" target=\"_blank\" rel=\"noopener noreferrer\">Les centres WorkBC<\/a>\u00a0offrent des services en personne sur rendez-vous ainsi que des services virtuels.<\/p>\r\n<p>Les centres WorkBC suivent les directives de sant\u00e9 et de s\u00e9curit\u00e9 actuelles pour minimiser les risques li\u00e9s au COVID-19. Avant de visiter, veuillez t\u00e9l\u00e9phoner ou envoyer un courriel pour en savoir plus sur les services et les ressources disponibles. Merci.<\/p>\r\n","protected":false},"excerpt":{"rendered":"<p>Les centres WorkBC\u00a0offrent des services en personne sur rendez-vous ainsi que des services virtuels. Les centres WorkBC suivent les directives de sant\u00e9 et de s\u00e9curit\u00e9 actuelles pour minimiser les risques li\u00e9s au COVID-19. Avant de visiter, veuillez t\u00e9l\u00e9phoner ou envoyer un courriel pour en savoir plus sur les services et les ressources disponibles. Merci.<\/p>\n","protected":false},"author":3,"featured_media":409,"parent":0,"menu_order":0,"comment_status":"closed","ping_status":"closed","template":"","meta":{"_acf_changed":false,"footnotes":""},"class_list":["post-216","page","type-page","status-publish","has-post-thumbnail","hentry"],"acf":[],"yoast_head":"<!-- This site is optimized with the Yoast SEO plugin v27.5 - https:\/\/yoast.com\/product\/yoast-seo-wordpress\/ -->\n<title>Homepage - WorkBC Kelowna<\/title>\n<meta name=\"robots\" content=\"index, follow, max-snippet:-1, max-image-preview:large, max-video-preview:-1\" \/>\n<link rel=\"canonical\" href=\"https:\/\/workbccentre-kelowna.ca\/fr\/\" \/>\n<meta property=\"og:locale\" content=\"fr_FR\" \/>\n<meta property=\"og:type\" content=\"article\" \/>\n<meta property=\"og:title\" content=\"Homepage - WorkBC Kelowna\" \/>\n<meta property=\"og:description\" content=\"Les centres WorkBC\u00a0offrent des services en personne sur rendez-vous ainsi que des services virtuels. Les centres WorkBC suivent les directives de sant\u00e9 et de s\u00e9curit\u00e9 actuelles pour minimiser les risques li\u00e9s au COVID-19. Avant de visiter, veuillez t\u00e9l\u00e9phoner ou envoyer un courriel pour en savoir plus sur les services et les ressources disponibles. Merci.\" \/>\n<meta property=\"og:url\" content=\"\/fr\/\" \/>\n<meta property=\"og:site_name\" content=\"WorkBC Kelowna\" \/>\n<meta property=\"article:modified_time\" content=\"2021-09-03T15:57:18+00:00\" \/>\n<meta property=\"og:image\" content=\"https:\/\/workbccentre-kelowna.ca\/wp-content\/uploads\/2019\/04\/3.jpg\" \/>\n\t<meta property=\"og:image:width\" content=\"1200\" \/>\n\t<meta property=\"og:image:height\" content=\"250\" \/>\n\t<meta property=\"og:image:type\" content=\"image\/jpeg\" \/>\n<meta name=\"twitter:card\" content=\"summary_large_image\" \/>\n<script type=\"application\/ld+json\" class=\"yoast-schema-graph\">{\"@context\":\"https:\\\/\\\/schema.org\",\"@graph\":[{\"@type\":\"WebPage\",\"@id\":\"\\\/fr\\\/\",\"url\":\"https:\\\/\\\/workbccentre-kelowna.ca\\\/fr\\\/\",\"name\":\"Homepage - WorkBC Kelowna\",\"isPartOf\":{\"@id\":\"https:\\\/\\\/workbccentre-kelowna.ca\\\/#website\"},\"primaryImageOfPage\":{\"@id\":\"https:\\\/\\\/workbccentre-kelowna.ca\\\/fr\\\/#primaryimage\"},\"image\":{\"@id\":\"https:\\\/\\\/workbccentre-kelowna.ca\\\/fr\\\/#primaryimage\"},\"thumbnailUrl\":\"https:\\\/\\\/workbccentre-kelowna.ca\\\/wp-content\\\/uploads\\\/2019\\\/04\\\/3.jpg\",\"datePublished\":\"2019-02-21T16:54:33+00:00\",\"dateModified\":\"2021-09-03T15:57:18+00:00\",\"breadcrumb\":{\"@id\":\"https:\\\/\\\/workbccentre-kelowna.ca\\\/fr\\\/#breadcrumb\"},\"inLanguage\":\"fr-FR\",\"potentialAction\":[{\"@type\":\"ReadAction\",\"target\":[\"https:\\\/\\\/workbccentre-kelowna.ca\\\/fr\\\/\"]}]},{\"@type\":\"ImageObject\",\"inLanguage\":\"fr-FR\",\"@id\":\"https:\\\/\\\/workbccentre-kelowna.ca\\\/fr\\\/#primaryimage\",\"url\":\"https:\\\/\\\/workbccentre-kelowna.ca\\\/wp-content\\\/uploads\\\/2019\\\/04\\\/3.jpg\",\"contentUrl\":\"https:\\\/\\\/workbccentre-kelowna.ca\\\/wp-content\\\/uploads\\\/2019\\\/04\\\/3.jpg\",\"width\":1200,\"height\":250},{\"@type\":\"BreadcrumbList\",\"@id\":\"https:\\\/\\\/workbccentre-kelowna.ca\\\/fr\\\/#breadcrumb\",\"itemListElement\":[{\"@type\":\"ListItem\",\"position\":1,\"name\":\"Accueil\",\"item\":\"\\\/fr\\\/\"},{\"@type\":\"ListItem\",\"position\":2,\"name\":\"Homepage\"}]},{\"@type\":\"WebSite\",\"@id\":\"https:\\\/\\\/workbccentre-kelowna.ca\\\/#website\",\"url\":\"https:\\\/\\\/workbccentre-kelowna.ca\\\/\",\"name\":\"WorkBC Kelowna\",\"description\":\"\",\"potentialAction\":[{\"@type\":\"SearchAction\",\"target\":{\"@type\":\"EntryPoint\",\"urlTemplate\":\"https:\\\/\\\/workbccentre-kelowna.ca\\\/?s={search_term_string}\"},\"query-input\":{\"@type\":\"PropertyValueSpecification\",\"valueRequired\":true,\"valueName\":\"search_term_string\"}}],\"inLanguage\":\"fr-FR\"}]}<\/script>\n<!-- \/ Yoast SEO plugin. -->","yoast_head_json":{"title":"Homepage - WorkBC Kelowna","robots":{"index":"index","follow":"follow","max-snippet":"max-snippet:-1","max-image-preview":"max-image-preview:large","max-video-preview":"max-video-preview:-1"},"canonical":"https:\/\/workbccentre-kelowna.ca\/fr\/","og_locale":"fr_FR","og_type":"article","og_title":"Homepage - WorkBC Kelowna","og_description":"Les centres WorkBC\u00a0offrent des services en personne sur rendez-vous ainsi que des services virtuels. Les centres WorkBC suivent les directives de sant\u00e9 et de s\u00e9curit\u00e9 actuelles pour minimiser les risques li\u00e9s au COVID-19. Avant de visiter, veuillez t\u00e9l\u00e9phoner ou envoyer un courriel pour en savoir plus sur les services et les ressources disponibles. Merci.","og_url":"\/fr\/","og_site_name":"WorkBC Kelowna","article_modified_time":"2021-09-03T15:57:18+00:00","og_image":[{"width":1200,"height":250,"url":"https:\/\/workbccentre-kelowna.ca\/wp-content\/uploads\/2019\/04\/3.jpg","type":"image\/jpeg"}],"twitter_card":"summary_large_image","schema":{"@context":"https:\/\/schema.org","@graph":[{"@type":"WebPage","@id":"\/fr\/","url":"https:\/\/workbccentre-kelowna.ca\/fr\/","name":"Homepage - WorkBC Kelowna","isPartOf":{"@id":"https:\/\/workbccentre-kelowna.ca\/#website"},"primaryImageOfPage":{"@id":"https:\/\/workbccentre-kelowna.ca\/fr\/#primaryimage"},"image":{"@id":"https:\/\/workbccentre-kelowna.ca\/fr\/#primaryimage"},"thumbnailUrl":"https:\/\/workbccentre-kelowna.ca\/wp-content\/uploads\/2019\/04\/3.jpg","datePublished":"2019-02-21T16:54:33+00:00","dateModified":"2021-09-03T15:57:18+00:00","breadcrumb":{"@id":"https:\/\/workbccentre-kelowna.ca\/fr\/#breadcrumb"},"inLanguage":"fr-FR","potentialAction":[{"@type":"ReadAction","target":["https:\/\/workbccentre-kelowna.ca\/fr\/"]}]},{"@type":"ImageObject","inLanguage":"fr-FR","@id":"https:\/\/workbccentre-kelowna.ca\/fr\/#primaryimage","url":"https:\/\/workbccentre-kelowna.ca\/wp-content\/uploads\/2019\/04\/3.jpg","contentUrl":"https:\/\/workbccentre-kelowna.ca\/wp-content\/uploads\/2019\/04\/3.jpg","width":1200,"height":250},{"@type":"BreadcrumbList","@id":"https:\/\/workbccentre-kelowna.ca\/fr\/#breadcrumb","itemListElement":[{"@type":"ListItem","position":1,"name":"Accueil","item":"\/fr\/"},{"@type":"ListItem","position":2,"name":"Homepage"}]},{"@type":"WebSite","@id":"https:\/\/workbccentre-kelowna.ca\/#website","url":"https:\/\/workbccentre-kelowna.ca\/","name":"WorkBC Kelowna","description":"","potentialAction":[{"@type":"SearchAction","target":{"@type":"EntryPoint","urlTemplate":"https:\/\/workbccentre-kelowna.ca\/?s={search_term_string}"},"query-input":{"@type":"PropertyValueSpecification","valueRequired":true,"valueName":"search_term_string"}}],"inLanguage":"fr-FR"}]}},"_links":{"self":[{"href":"https:\/\/workbccentre-kelowna.ca\/fr\/wp-json\/wp\/v2\/pages\/216","targetHints":{"allow":["GET"]}}],"collection":[{"href":"https:\/\/workbccentre-kelowna.ca\/fr\/wp-json\/wp\/v2\/pages"}],"about":[{"href":"https:\/\/workbccentre-kelowna.ca\/fr\/wp-json\/wp\/v2\/types\/page"}],"author":[{"embeddable":true,"href":"https:\/\/workbccentre-kelowna.ca\/fr\/wp-json\/wp\/v2\/users\/3"}],"replies":[{"embeddable":true,"href":"https:\/\/workbccentre-kelowna.ca\/fr\/wp-json\/wp\/v2\/comments?post=216"}],"version-history":[{"count":0,"href":"https:\/\/workbccentre-kelowna.ca\/fr\/wp-json\/wp\/v2\/pages\/216\/revisions"}],"wp:featuredmedia":[{"embeddable":true,"href":"https:\/\/workbccentre-kelowna.ca\/fr\/wp-json\/wp\/v2\/media\/409"}],"wp:attachment":[{"href":"https:\/\/workbccentre-kelowna.ca\/fr\/wp-json\/wp\/v2\/media?parent=216"}],"curies":[{"name":"wp","href":"https:\/\/api.w.org\/{rel}","templated":true}]}}